{"id":43,"date":"2021-12-18T16:04:37","date_gmt":"2021-12-18T16:04:37","guid":{"rendered":"https:\/\/udascienza.unich.it\/?page_id=43"},"modified":"2022-03-16T23:02:25","modified_gmt":"2022-03-16T22:02:25","slug":"benvenuti-su-uda-scienza","status":"publish","type":"page","link":"https:\/\/udascienza.unich.it\/?page_id=43","title":{"rendered":"Benvenuti su Ud&#8217;A Scienza"},"content":{"rendered":"\n<p>Il progetto Ud&#8217;A Scienza \u00e8 un progetto finanziato dal Ministero dell&#8217;Universit\u00e0 e della Ricerca nell&#8217;ambito del Bando di Divulgazione Scientifica Pann 2020.<\/p>\n\n\n\n<p>\u00c8 un progetto interdisciplinare che vede coinvolti alcuni docenti dell&#8217;universit\u00e0 G. d&#8217;Annunzio nella presentazione della loro ricerca scientifica e nella sperimentazione di metodologie didattiche basate su nuove tecnologie.<\/p>\n\n\n\n<p>ll progetto &#8220;UdA Scienza&#8221;, finalizzato alla divulgazione delle scienze matematiche, fisiche e naturali attraverso le nuove tecnologie, vuole essere uno strumento di approfondimento e ampliamento delle conoscenze scientifiche per un vasto pubblico ed una opportunit\u00e0 per coinvolgere, indirizzare e sensibilizzare gli studenti delle scuole superiori ad un diverso approccio alle varie discipline producendo una maggiore competenza e consapevolezza delle proprie potenzialit\u00e0. L&#8217;approccio \u00e8 basato sull&#8217;alta interdisciplinariet\u00e0 ed integrazione delle discipline condividendo metodi e attivit\u00e0, valorizzando gli aspetti di elaborazione digitale dei dati e di informatica. Nella fattispecie, poich\u00e9 uno degli obiettivi del progetto \u00e8 di avvicinare i ragazzi e renderli consapevoli delle loro capacit\u00e0, riteniamo che la metodologia per raggiungere tale obiettivo sia quella di misurarsi con i propri limiti, acquisire competenze e  sperimentare il superamento degli stessi.<\/p>\n\n\n\n<h2 class=\"wp-block-heading\" id=\"news\">News<\/h2>\n\n\n<div\n\t\tclass=\"free alignwide alignwide wp-block-ap-block-posts\"\tid='apbAdvancedPosts-1'\n\tdata-nonce='&quot;421b5d1665&quot;'\n\tdata-attributes='{&quot;cId&quot;:&quot;cbcde602-cfc1-47cf-bdcc-5280600dc9b0&quot;,&quot;postsPerPage&quot;:6,&quot;isMetaAuthor&quot;:false,&quot;isMetaCategory&quot;:false,&quot;align&quot;:&quot;wide&quot;,&quot;layout&quot;:&quot;grid&quot;,&quot;subLayout&quot;:&quot;default&quot;,&quot;columns&quot;:{&quot;desktop&quot;:3,&quot;tablet&quot;:2,&quot;mobile&quot;:1},&quot;columnGap&quot;:15,&quot;rowGap&quot;:15,&quot;isContentEqualHight&quot;:true,&quot;sliderHeight&quot;:&quot;350px&quot;,&quot;content&quot;:{&quot;height&quot;:&quot;auto&quot;},&quot;postType&quot;:&quot;post&quot;,&quot;selectedTaxonomies&quot;:[],&quot;selectedCategories&quot;:[],&quot;selectedTags&quot;:[],&quot;isPostsPerPageAll&quot;:false,&quot;postsOrderBy&quot;:&quot;date&quot;,&quot;postsOrder&quot;:&quot;desc&quot;,&quot;postsOffset&quot;:0,&quot;postsInclude&quot;:[],&quot;postsExclude&quot;:[],&quot;isExcludeCurrent&quot;:false,&quot;isPagination&quot;:false,&quot;paginationCurrentPage&quot;:1,&quot;paginationPrevLabel&quot;:&quot;Prev&quot;,&quot;paginationNextLabel&quot;:&quot;Next&quot;,&quot;paginationColors&quot;:{&quot;color&quot;:&quot;#fff&quot;,&quot;bg&quot;:&quot;#146EF5&quot;},&quot;paginationHovColors&quot;:{&quot;color&quot;:&quot;#fff&quot;,&quot;bg&quot;:&quot;#070127&quot;},&quot;paginationPadding&quot;:{&quot;vertical&quot;:&quot;8px&quot;,&quot;horizontal&quot;:&quot;15px&quot;},&quot;paginationSpacing&quot;:&quot;15px&quot;,&quot;contentAlign&quot;:&quot;left&quot;,&quot;contentBG&quot;:{&quot;color&quot;:&quot;&quot;},&quot;contentPadding&quot;:{&quot;vertical&quot;:&quot;20px&quot;,&quot;horizontal&quot;:&quot;25px&quot;},&quot;border&quot;:{&quot;width&quot;:&quot;1px&quot;,&quot;color&quot;:&quot;#0c0d3c1a&quot;,&quot;radius&quot;:&quot;5px&quot;},&quot;sliderIsLoop&quot;:true,&quot;sliderIsTouchMove&quot;:false,&quot;sliderIsAutoplay&quot;:true,&quot;sliderAutoplayOptions&quot;:{&quot;delay&quot;:1.5},&quot;sliderSpeed&quot;:1.5,&quot;sliderEffect&quot;:&quot;slide&quot;,&quot;sliderIsPage&quot;:true,&quot;sliderIsPageClickable&quot;:true,&quot;sliderIsPageDynamic&quot;:true,&quot;sliderPageColor&quot;:&quot;#146EF5&quot;,&quot;sliderPageWidth&quot;:&quot;15px&quot;,&quot;sliderPageHeight&quot;:&quot;15px&quot;,&quot;sliderPageBorder&quot;:{&quot;radius&quot;:&quot;50%&quot;},&quot;sliderIsPrevNext&quot;:true,&quot;sliderPrevNextColor&quot;:&quot;#146EF5&quot;,&quot;tickerDirection&quot;:&quot;up&quot;,&quot;tickerSpeed&quot;:&quot;slow&quot;,&quot;tickerInterval&quot;:2000,&quot;tickerHeight&quot;:&quot;0px&quot;,&quot;tickerVisible&quot;:3,&quot;tickerIsMousePause&quot;:true,&quot;elementsSort&quot;:[&quot;title&quot;,&quot;meta&quot;],&quot;isFImg&quot;:true,&quot;fImgSize&quot;:&quot;full&quot;,&quot;fImgFitting&quot;:&quot;cover&quot;,&quot;isFImgLink&quot;:false,&quot;isTitle&quot;:true,&quot;isTitleLink&quot;:true,&quot;titleTypo&quot;:{&quot;fontFamily&quot;:&quot;Roboto&quot;,&quot;fontSize&quot;:{&quot;desktop&quot;:&quot;25px&quot;,&quot;tablet&quot;:&quot;22px&quot;,&quot;mobile&quot;:&quot;20px&quot;},&quot;googleFontLink&quot;:&quot;https:\\\/\\\/fonts.googleapis.com\\\/css2?family=Roboto&amp;display=swap&quot;},&quot;titleColor&quot;:&quot;&quot;,&quot;titleMargin&quot;:{&quot;side&quot;:4,&quot;bottom&quot;:&quot;15px&quot;},&quot;isMeta&quot;:true,&quot;isMetaAuthorLink&quot;:true,&quot;metaAuthorIcon&quot;:&quot;&quot;,&quot;isMetaDate&quot;:true,&quot;metaDateFormat&quot;:&quot;M j, Y&quot;,&quot;metaDateIcon&quot;:&quot;&quot;,&quot;metaCategoryIn&quot;:&quot;content&quot;,&quot;metaCategoryIcon&quot;:&quot;&quot;,&quot;metaTaxonomies&quot;:{&quot;selected&quot;:[]},&quot;isMetaReadTime&quot;:false,&quot;metaReadTimeIcon&quot;:&quot;&quot;,&quot;isMetaReadTimeSec&quot;:false,&quot;metaReadTimeLabel&quot;:&quot;Min read&quot;,&quot;isMetaComment&quot;:false,&quot;metaCommentIcon&quot;:&quot;&quot;,&quot;metaTypo&quot;:{&quot;fontSize&quot;:{&quot;desktop&quot;:&quot;13px&quot;},&quot;textTransform&quot;:&quot;uppercase&quot;},&quot;metaTextColor&quot;:&quot;&quot;,&quot;metaLinkColor&quot;:&quot;#146EF5&quot;,&quot;metaIconColor&quot;:&quot;&quot;,&quot;metaColorsOnImage&quot;:{&quot;color&quot;:&quot;#fff&quot;,&quot;bg&quot;:&quot;#146EF5&quot;},&quot;metaMargin&quot;:{&quot;side&quot;:4,&quot;bottom&quot;:&quot;15px&quot;},&quot;isExcerpt&quot;:true,&quot;isExcerptFromContent&quot;:false,&quot;isEllipsisOnExcerpt&quot;:false,&quot;excerptLength&quot;:25,&quot;excerptAlign&quot;:&quot;justify&quot;,&quot;excerptTypo&quot;:{&quot;fontSize&quot;:{&quot;desktop&quot;:&quot;15px&quot;}},&quot;excerptColor&quot;:&quot;&quot;,&quot;excerptMargin&quot;:{&quot;side&quot;:4,&quot;bottom&quot;:&quot;10px&quot;},&quot;isReadMore&quot;:true,&quot;readMorePosition&quot;:&quot;auto&quot;,&quot;readMoreLabel&quot;:&quot;Read More&quot;,&quot;isLinkNewTab&quot;:false,&quot;readMoreAlign&quot;:&quot;left&quot;,&quot;readMoreTypo&quot;:{&quot;fontSize&quot;:{&quot;desktop&quot;:&quot;14px&quot;},&quot;textTransform&quot;:&quot;uppercase&quot;,&quot;fontWeight&quot;:600},&quot;readMoreColors&quot;:{&quot;color&quot;:&quot;#fff&quot;,&quot;bg&quot;:&quot;#146EF5&quot;},&quot;readMoreHovColors&quot;:{&quot;color&quot;:&quot;#fff&quot;,&quot;bg&quot;:&quot;#FF7A00&quot;},&quot;readMorePadding&quot;:{&quot;vertical&quot;:&quot;12px&quot;,&quot;horizontal&quot;:&quot;35px&quot;},&quot;readMoreBorder&quot;:{&quot;radius&quot;:&quot;3px&quot;}}'\n\tdata-extra='{&quot;totalPosts&quot;:41}'\n\tdata-pipecheck=''\n>\n\t<pre id='firstPosts' style='display: none;'>\n\t\t[{&quot;id&quot;:1109,&quot;link&quot;:&quot;https:\\\/\\\/udascienza.unich.it\\\/?p=1109&quot;,&quot;name&quot;:&quot;giornata-della-biodiversita&quot;,&quot;thumbnail&quot;:{&quot;url&quot;:false,&quot;alt&quot;:false},&quot;title&quot;:&quot;GIORNATA DELLA BIODIVERSITA&#039;&quot;,&quot;author&quot;:{&quot;name&quot;:&quot;Luigi Menghini&quot;,&quot;link&quot;:&quot;https:\\\/\\\/udascienza.unich.it\\\/?author=9&quot;},&quot;date&quot;:&quot;Gen 16, 2023&quot;,&quot;dateGMT&quot;:&quot;2023-01-16 22:46:46&quot;,&quot;modifiedDate&quot;:&quot;2023-01-16 23:46:47&quot;,&quot;modifiedDateGMT&quot;:&quot;2023-01-16 22:46:47&quot;,&quot;commentCount&quot;:&quot;0&quot;,&quot;commentStatus&quot;:&quot;open&quot;,&quot;categories&quot;:{&quot;coma&quot;:&quot;&lt;a href=\\&quot;https:\\\/\\\/udascienza.unich.it\\\/?cat=11\\&quot; rel=\\&quot;category\\&quot;&gt;Botanica bis&lt;\\\/a&gt;, &lt;a href=\\&quot;https:\\\/\\\/udascienza.unich.it\\\/?cat=6\\&quot; rel=\\&quot;category\\&quot;&gt;Botanica per modo di dire&lt;\\\/a&gt;, &lt;a href=\\&quot;https:\\\/\\\/udascienza.unich.it\\\/?cat=1\\&quot; rel=\\&quot;category\\&quot;&gt;Generale&lt;\\\/a&gt;&quot;,&quot;space&quot;:&quot;&lt;a href=\\&quot;https:\\\/\\\/udascienza.unich.it\\\/?cat=11\\&quot; rel=\\&quot;category\\&quot;&gt;Botanica bis&lt;\\\/a&gt; &lt;a href=\\&quot;https:\\\/\\\/udascienza.unich.it\\\/?cat=6\\&quot; rel=\\&quot;category\\&quot;&gt;Botanica per modo di dire&lt;\\\/a&gt; &lt;a href=\\&quot;https:\\\/\\\/udascienza.unich.it\\\/?cat=1\\&quot; rel=\\&quot;category\\&quot;&gt;Generale&lt;\\\/a&gt;&quot;},&quot;taxonomies&quot;:{&quot;post_tag&quot;:&quot;&quot;},&quot;readTime&quot;:{&quot;min&quot;:1,&quot;sec&quot;:9},&quot;status&quot;:&quot;publish&quot;,&quot;excerpt&quot;:&quot;&quot;},{&quot;id&quot;:1104,&quot;link&quot;:&quot;https:\\\/\\\/udascienza.unich.it\\\/?p=1104&quot;,&quot;name&quot;:&quot;book-of-abstract-iscpbs-2022&quot;,&quot;thumbnail&quot;:{&quot;url&quot;:false,&quot;alt&quot;:false},&quot;title&quot;:&quot;BOOK OF ABSTRACT - ISCPB&amp;S 2022&quot;,&quot;author&quot;:{&quot;name&quot;:&quot;Luigi Menghini&quot;,&quot;link&quot;:&quot;https:\\\/\\\/udascienza.unich.it\\\/?author=9&quot;},&quot;date&quot;:&quot;Gen 16, 2023&quot;,&quot;dateGMT&quot;:&quot;2023-01-16 22:35:15&quot;,&quot;modifiedDate&quot;:&quot;2023-01-16 23:50:27&quot;,&quot;modifiedDateGMT&quot;:&quot;2023-01-16 22:50:27&quot;,&quot;commentCount&quot;:&quot;0&quot;,&quot;commentStatus&quot;:&quot;open&quot;,&quot;categories&quot;:{&quot;coma&quot;:&quot;&lt;a href=\\&quot;https:\\\/\\\/udascienza.unich.it\\\/?cat=11\\&quot; rel=\\&quot;category\\&quot;&gt;Botanica bis&lt;\\\/a&gt;, &lt;a href=\\&quot;https:\\\/\\\/udascienza.unich.it\\\/?cat=6\\&quot; rel=\\&quot;category\\&quot;&gt;Botanica per modo di dire&lt;\\\/a&gt;, &lt;a href=\\&quot;https:\\\/\\\/udascienza.unich.it\\\/?cat=1\\&quot; rel=\\&quot;category\\&quot;&gt;Generale&lt;\\\/a&gt;&quot;,&quot;space&quot;:&quot;&lt;a href=\\&quot;https:\\\/\\\/udascienza.unich.it\\\/?cat=11\\&quot; rel=\\&quot;category\\&quot;&gt;Botanica bis&lt;\\\/a&gt; &lt;a href=\\&quot;https:\\\/\\\/udascienza.unich.it\\\/?cat=6\\&quot; rel=\\&quot;category\\&quot;&gt;Botanica per modo di dire&lt;\\\/a&gt; &lt;a href=\\&quot;https:\\\/\\\/udascienza.unich.it\\\/?cat=1\\&quot; rel=\\&quot;category\\&quot;&gt;Generale&lt;\\\/a&gt;&quot;},&quot;taxonomies&quot;:{&quot;post_tag&quot;:&quot;&quot;},&quot;readTime&quot;:{&quot;min&quot;:0,&quot;sec&quot;:49},&quot;status&quot;:&quot;publish&quot;,&quot;excerpt&quot;:&quot;&quot;},{&quot;id&quot;:1092,&quot;link&quot;:&quot;https:\\\/\\\/udascienza.unich.it\\\/?p=1092&quot;,&quot;name&quot;:&quot;agricoltura-benessere-e-sostenibilita&quot;,&quot;thumbnail&quot;:{&quot;url&quot;:false,&quot;alt&quot;:false},&quot;title&quot;:&quot;Agricoltura, benessere e sostenibilit\\u00e0&quot;,&quot;author&quot;:{&quot;name&quot;:&quot;Luigi Menghini&quot;,&quot;link&quot;:&quot;https:\\\/\\\/udascienza.unich.it\\\/?author=9&quot;},&quot;date&quot;:&quot;Dic 18, 2022&quot;,&quot;dateGMT&quot;:&quot;2022-12-17 23:50:51&quot;,&quot;modifiedDate&quot;:&quot;2022-12-18 00:50:53&quot;,&quot;modifiedDateGMT&quot;:&quot;2022-12-17 23:50:53&quot;,&quot;commentCount&quot;:&quot;0&quot;,&quot;commentStatus&quot;:&quot;open&quot;,&quot;categories&quot;:{&quot;coma&quot;:&quot;&lt;a href=\\&quot;https:\\\/\\\/udascienza.unich.it\\\/?cat=11\\&quot; rel=\\&quot;category\\&quot;&gt;Botanica bis&lt;\\\/a&gt;, &lt;a href=\\&quot;https:\\\/\\\/udascienza.unich.it\\\/?cat=6\\&quot; rel=\\&quot;category\\&quot;&gt;Botanica per modo di dire&lt;\\\/a&gt;&quot;,&quot;space&quot;:&quot;&lt;a href=\\&quot;https:\\\/\\\/udascienza.unich.it\\\/?cat=11\\&quot; rel=\\&quot;category\\&quot;&gt;Botanica bis&lt;\\\/a&gt; &lt;a href=\\&quot;https:\\\/\\\/udascienza.unich.it\\\/?cat=6\\&quot; rel=\\&quot;category\\&quot;&gt;Botanica per modo di dire&lt;\\\/a&gt;&quot;},&quot;taxonomies&quot;:{&quot;post_tag&quot;:&quot;&quot;},&quot;readTime&quot;:{&quot;min&quot;:0,&quot;sec&quot;:41},&quot;status&quot;:&quot;publish&quot;,&quot;excerpt&quot;:&quot;&quot;},{&quot;id&quot;:1088,&quot;link&quot;:&quot;https:\\\/\\\/udascienza.unich.it\\\/?p=1088&quot;,&quot;name&quot;:&quot;international-scientific-conference-on-plant-biodiversity-and-sustainability&quot;,&quot;thumbnail&quot;:{&quot;url&quot;:false,&quot;alt&quot;:false},&quot;title&quot;:&quot;International scientific conference on plant biodiversity and sustainability&quot;,&quot;author&quot;:{&quot;name&quot;:&quot;Luigi Menghini&quot;,&quot;link&quot;:&quot;https:\\\/\\\/udascienza.unich.it\\\/?author=9&quot;},&quot;date&quot;:&quot;Dic 17, 2022&quot;,&quot;dateGMT&quot;:&quot;2022-12-17 09:21:42&quot;,&quot;modifiedDate&quot;:&quot;2022-12-17 10:21:43&quot;,&quot;modifiedDateGMT&quot;:&quot;2022-12-17 09:21:43&quot;,&quot;commentCount&quot;:&quot;0&quot;,&quot;commentStatus&quot;:&quot;open&quot;,&quot;categories&quot;:{&quot;coma&quot;:&quot;&lt;a href=\\&quot;https:\\\/\\\/udascienza.unich.it\\\/?cat=11\\&quot; rel=\\&quot;category\\&quot;&gt;Botanica bis&lt;\\\/a&gt;, &lt;a href=\\&quot;https:\\\/\\\/udascienza.unich.it\\\/?cat=6\\&quot; rel=\\&quot;category\\&quot;&gt;Botanica per modo di dire&lt;\\\/a&gt;&quot;,&quot;space&quot;:&quot;&lt;a href=\\&quot;https:\\\/\\\/udascienza.unich.it\\\/?cat=11\\&quot; rel=\\&quot;category\\&quot;&gt;Botanica bis&lt;\\\/a&gt; &lt;a href=\\&quot;https:\\\/\\\/udascienza.unich.it\\\/?cat=6\\&quot; rel=\\&quot;category\\&quot;&gt;Botanica per modo di dire&lt;\\\/a&gt;&quot;},&quot;taxonomies&quot;:{&quot;post_tag&quot;:&quot;&quot;},&quot;readTime&quot;:{&quot;min&quot;:0,&quot;sec&quot;:45},&quot;status&quot;:&quot;publish&quot;,&quot;excerpt&quot;:&quot;&quot;},{&quot;id&quot;:1086,&quot;link&quot;:&quot;https:\\\/\\\/udascienza.unich.it\\\/?p=1086&quot;,&quot;name&quot;:&quot;stato-dellarte-ed-analisi-delle-potenzialita-applicative-di-piante-e-prodotti-naturali-come-agenti-antivirali&quot;,&quot;thumbnail&quot;:{&quot;url&quot;:false,&quot;alt&quot;:false},&quot;title&quot;:&quot;Stato dell\\u2019arte ed analisi delle potenzialit\\u00e0 applicative di piante e prodotti naturali come agenti antivirali&quot;,&quot;author&quot;:{&quot;name&quot;:&quot;Luigi Menghini&quot;,&quot;link&quot;:&quot;https:\\\/\\\/udascienza.unich.it\\\/?author=9&quot;},&quot;date&quot;:&quot;Dic 17, 2022&quot;,&quot;dateGMT&quot;:&quot;2022-12-17 09:04:06&quot;,&quot;modifiedDate&quot;:&quot;2022-12-17 10:04:08&quot;,&quot;modifiedDateGMT&quot;:&quot;2022-12-17 09:04:08&quot;,&quot;commentCount&quot;:&quot;0&quot;,&quot;commentStatus&quot;:&quot;open&quot;,&quot;categories&quot;:{&quot;coma&quot;:&quot;&lt;a href=\\&quot;https:\\\/\\\/udascienza.unich.it\\\/?cat=11\\&quot; rel=\\&quot;category\\&quot;&gt;Botanica bis&lt;\\\/a&gt;, &lt;a href=\\&quot;https:\\\/\\\/udascienza.unich.it\\\/?cat=6\\&quot; rel=\\&quot;category\\&quot;&gt;Botanica per modo di dire&lt;\\\/a&gt;&quot;,&quot;space&quot;:&quot;&lt;a href=\\&quot;https:\\\/\\\/udascienza.unich.it\\\/?cat=11\\&quot; rel=\\&quot;category\\&quot;&gt;Botanica bis&lt;\\\/a&gt; &lt;a href=\\&quot;https:\\\/\\\/udascienza.unich.it\\\/?cat=6\\&quot; rel=\\&quot;category\\&quot;&gt;Botanica per modo di dire&lt;\\\/a&gt;&quot;},&quot;taxonomies&quot;:{&quot;post_tag&quot;:&quot;&quot;},&quot;readTime&quot;:{&quot;min&quot;:0,&quot;sec&quot;:41},&quot;status&quot;:&quot;publish&quot;,&quot;excerpt&quot;:&quot;&quot;},{&quot;id&quot;:1083,&quot;link&quot;:&quot;https:\\\/\\\/udascienza.unich.it\\\/?p=1083&quot;,&quot;name&quot;:&quot;nades-uso-di-solventi-innovativi-per-lestrazione-di-materiale-vegetale-e-lisolamento-di-bioattivi&quot;,&quot;thumbnail&quot;:{&quot;url&quot;:false,&quot;alt&quot;:false},&quot;title&quot;:&quot;NADES: Uso di solventi innovativi per l\\u2019estrazione di materiale vegetale e l\\u2019isolamento di bioattivi&quot;,&quot;author&quot;:{&quot;name&quot;:&quot;Luigi Menghini&quot;,&quot;link&quot;:&quot;https:\\\/\\\/udascienza.unich.it\\\/?author=9&quot;},&quot;date&quot;:&quot;Dic 17, 2022&quot;,&quot;dateGMT&quot;:&quot;2022-12-17 09:00:55&quot;,&quot;modifiedDate&quot;:&quot;2022-12-17 10:00:57&quot;,&quot;modifiedDateGMT&quot;:&quot;2022-12-17 09:00:57&quot;,&quot;commentCount&quot;:&quot;0&quot;,&quot;commentStatus&quot;:&quot;open&quot;,&quot;categories&quot;:{&quot;coma&quot;:&quot;&lt;a href=\\&quot;https:\\\/\\\/udascienza.unich.it\\\/?cat=11\\&quot; rel=\\&quot;category\\&quot;&gt;Botanica bis&lt;\\\/a&gt;, &lt;a href=\\&quot;https:\\\/\\\/udascienza.unich.it\\\/?cat=6\\&quot; rel=\\&quot;category\\&quot;&gt;Botanica per modo di dire&lt;\\\/a&gt;&quot;,&quot;space&quot;:&quot;&lt;a href=\\&quot;https:\\\/\\\/udascienza.unich.it\\\/?cat=11\\&quot; rel=\\&quot;category\\&quot;&gt;Botanica bis&lt;\\\/a&gt; &lt;a href=\\&quot;https:\\\/\\\/udascienza.unich.it\\\/?cat=6\\&quot; rel=\\&quot;category\\&quot;&gt;Botanica per modo di dire&lt;\\\/a&gt;&quot;},&quot;taxonomies&quot;:{&quot;post_tag&quot;:&quot;&quot;},&quot;readTime&quot;:{&quot;min&quot;:0,&quot;sec&quot;:28},&quot;status&quot;:&quot;publish&quot;,&quot;excerpt&quot;:&quot;&quot;}]\t<\/pre>\n\n\t\t\t\t<div class='apbLoadingPlaceholder' id='apbLoadingPlaceholder-2'>\n\t\t\t\t\t\t\t\t\t\t<div class='apbGridPosts columns-3 columns-tablet-2 columns-mobile-1'>\n\t\t\t\t\t\t\t<article class='apbPost'>\n\t\t\t<span class='apbLoadingItem apbThumb'><\/span>\n\t\t\t\n\t\t\t<div class='apbText'>\n\t\t\t\t<div class='apbTitle'>\n\t\t\t\t\t<span class='apbLoadingItem'><\/span>\n\t\t\t\t\t<span class='apbLoadingItem'><\/span>\n\t\t\t\t<\/div>\n\t\t\t\t<div class='apbMeta'>\n\t\t\t\t\t<span class='apbLoadingItem'><\/span>\n\t\t\t\t<\/div>\n\t\t\t\t<div class='apbExcerpt'>\n\t\t\t\t\t<span class='apbLoadingItem'><\/span>\n\t\t\t\t\t<span class='apbLoadingItem'><\/span>\n\t\t\t\t\t<span class='apbLoadingItem'><\/span>\n\t\t\t\t\t<span class='apbLoadingItem'><\/span>\n\t\t\t\t<\/div>\n\t\t\t\t<div class='apbReadMore'>\n\t\t\t\t\t<span class='apbLoadingItem'><\/span>\n\t\t\t\t<\/div>\n\t\t\t<\/div>\n\t\t<\/article><article class='apbPost'>\n\t\t\t<span class='apbLoadingItem apbThumb'><\/span>\n\t\t\t\n\t\t\t<div class='apbText'>\n\t\t\t\t<div class='apbTitle'>\n\t\t\t\t\t<span class='apbLoadingItem'><\/span>\n\t\t\t\t\t<span class='apbLoadingItem'><\/span>\n\t\t\t\t<\/div>\n\t\t\t\t<div class='apbMeta'>\n\t\t\t\t\t<span class='apbLoadingItem'><\/span>\n\t\t\t\t<\/div>\n\t\t\t\t<div class='apbExcerpt'>\n\t\t\t\t\t<span class='apbLoadingItem'><\/span>\n\t\t\t\t\t<span class='apbLoadingItem'><\/span>\n\t\t\t\t\t<span class='apbLoadingItem'><\/span>\n\t\t\t\t\t<span class='apbLoadingItem'><\/span>\n\t\t\t\t<\/div>\n\t\t\t\t<div class='apbReadMore'>\n\t\t\t\t\t<span class='apbLoadingItem'><\/span>\n\t\t\t\t<\/div>\n\t\t\t<\/div>\n\t\t<\/article><article class='apbPost'>\n\t\t\t<span class='apbLoadingItem apbThumb'><\/span>\n\t\t\t\n\t\t\t<div class='apbText'>\n\t\t\t\t<div class='apbTitle'>\n\t\t\t\t\t<span class='apbLoadingItem'><\/span>\n\t\t\t\t\t<span class='apbLoadingItem'><\/span>\n\t\t\t\t<\/div>\n\t\t\t\t<div class='apbMeta'>\n\t\t\t\t\t<span class='apbLoadingItem'><\/span>\n\t\t\t\t<\/div>\n\t\t\t\t<div class='apbExcerpt'>\n\t\t\t\t\t<span class='apbLoadingItem'><\/span>\n\t\t\t\t\t<span class='apbLoadingItem'><\/span>\n\t\t\t\t\t<span class='apbLoadingItem'><\/span>\n\t\t\t\t\t<span class='apbLoadingItem'><\/span>\n\t\t\t\t<\/div>\n\t\t\t\t<div class='apbReadMore'>\n\t\t\t\t\t<span class='apbLoadingItem'><\/span>\n\t\t\t\t<\/div>\n\t\t\t<\/div>\n\t\t<\/article><article class='apbPost'>\n\t\t\t<span class='apbLoadingItem apbThumb'><\/span>\n\t\t\t\n\t\t\t<div class='apbText'>\n\t\t\t\t<div class='apbTitle'>\n\t\t\t\t\t<span class='apbLoadingItem'><\/span>\n\t\t\t\t\t<span class='apbLoadingItem'><\/span>\n\t\t\t\t<\/div>\n\t\t\t\t<div class='apbMeta'>\n\t\t\t\t\t<span class='apbLoadingItem'><\/span>\n\t\t\t\t<\/div>\n\t\t\t\t<div class='apbExcerpt'>\n\t\t\t\t\t<span class='apbLoadingItem'><\/span>\n\t\t\t\t\t<span class='apbLoadingItem'><\/span>\n\t\t\t\t\t<span class='apbLoadingItem'><\/span>\n\t\t\t\t\t<span class='apbLoadingItem'><\/span>\n\t\t\t\t<\/div>\n\t\t\t\t<div class='apbReadMore'>\n\t\t\t\t\t<span class='apbLoadingItem'><\/span>\n\t\t\t\t<\/div>\n\t\t\t<\/div>\n\t\t<\/article><article class='apbPost'>\n\t\t\t<span class='apbLoadingItem apbThumb'><\/span>\n\t\t\t\n\t\t\t<div class='apbText'>\n\t\t\t\t<div class='apbTitle'>\n\t\t\t\t\t<span class='apbLoadingItem'><\/span>\n\t\t\t\t\t<span class='apbLoadingItem'><\/span>\n\t\t\t\t<\/div>\n\t\t\t\t<div class='apbMeta'>\n\t\t\t\t\t<span class='apbLoadingItem'><\/span>\n\t\t\t\t<\/div>\n\t\t\t\t<div class='apbExcerpt'>\n\t\t\t\t\t<span class='apbLoadingItem'><\/span>\n\t\t\t\t\t<span class='apbLoadingItem'><\/span>\n\t\t\t\t\t<span class='apbLoadingItem'><\/span>\n\t\t\t\t\t<span class='apbLoadingItem'><\/span>\n\t\t\t\t<\/div>\n\t\t\t\t<div class='apbReadMore'>\n\t\t\t\t\t<span class='apbLoadingItem'><\/span>\n\t\t\t\t<\/div>\n\t\t\t<\/div>\n\t\t<\/article><article class='apbPost'>\n\t\t\t<span class='apbLoadingItem apbThumb'><\/span>\n\t\t\t\n\t\t\t<div class='apbText'>\n\t\t\t\t<div class='apbTitle'>\n\t\t\t\t\t<span class='apbLoadingItem'><\/span>\n\t\t\t\t\t<span class='apbLoadingItem'><\/span>\n\t\t\t\t<\/div>\n\t\t\t\t<div class='apbMeta'>\n\t\t\t\t\t<span class='apbLoadingItem'><\/span>\n\t\t\t\t<\/div>\n\t\t\t\t<div class='apbExcerpt'>\n\t\t\t\t\t<span class='apbLoadingItem'><\/span>\n\t\t\t\t\t<span class='apbLoadingItem'><\/span>\n\t\t\t\t\t<span class='apbLoadingItem'><\/span>\n\t\t\t\t\t<span class='apbLoadingItem'><\/span>\n\t\t\t\t<\/div>\n\t\t\t\t<div class='apbReadMore'>\n\t\t\t\t\t<span class='apbLoadingItem'><\/span>\n\t\t\t\t<\/div>\n\t\t\t<\/div>\n\t\t<\/article>\t\t\t\t\t\t<\/div>\n\t\t\t\t\t\t\t\t<\/div>\n\t\t<\/div>\n\n\n<div style=\"height:34px\" aria-hidden=\"true\" class=\"wp-block-spacer\"><\/div>\n\n\n\n<h2 class=\"wp-block-heading\" id=\"video-di-presentazione\">Video di presentazione<\/h2>\n\n\n\n<figure class=\"wp-block-embed is-type-video is-provider-youtube wp-block-embed-youtube wp-embed-aspect-16-9 wp-has-aspect-ratio\"><div class=\"wp-block-embed__wrapper\">\n<iframe loading=\"lazy\" title=\"\ud835\udde3\ud835\uddff\ud835\uddf2\ud835\ude00\ud835\uddf2\ud835\uddfb\ud835\ude01\ud835\uddee\ud835\ude07\ud835\uddf6\ud835\uddfc\ud835\uddfb\ud835\uddf2 \ud835\uddf1\ud835\uddf2\ud835\uddf9 \ud835\uddfd\ud835\uddff\ud835\uddfc\ud835\uddf4\ud835\uddf2\ud835\ude01\ud835\ude01\ud835\uddfc \ud835\uddf1\ud835\uddf6 \ud835\uddd7\ud835\uddf6\ud835\ude03\ud835\ude02\ud835\uddf9\ud835\uddf4\ud835\uddee\ud835\ude07\ud835\uddf6\ud835\uddfc\ud835\uddfb\ud835\uddf2 \ud835\udde6\ud835\uddf0\ud835\uddf6\ud835\uddf2\ud835\uddfb\ud835\ude01\ud835\uddf6\ud835\uddf3\ud835\uddf6\ud835\uddf0\ud835\uddee &quot;\ud835\udde8\ud835\uddf1&#039;\ud835\uddd4\ud835\udde6\ud835\uddf0\ud835\uddf6\ud835\uddf2\ud835\uddfb\ud835\ude07\ud835\uddee&quot;\" width=\"750\" height=\"422\" src=\"https:\/\/www.youtube.com\/embed\/El6h0tGBhTM?feature=oembed\" frameborder=\"0\" allow=\"accelerometer; autoplay; clipboard-write; encrypted-media; gyroscope; picture-in-picture\" allowfullscreen><\/iframe>\n<\/div><\/figure>\n\n\n\n<p><\/p>\n","protected":false},"excerpt":{"rendered":"<p>Il progetto Ud&#8217;A Scienza \u00e8 un progetto finanziato dal Ministero dell&#8217;Universit\u00e0 e della Ricerca nell&#8217;ambito del Bando di Divulgazione Scientifica &hellip; <\/p>\n","protected":false},"author":1,"featured_media":0,"parent":13,"menu_order":0,"comment_status":"closed","ping_status":"closed","template":"","meta":{"footnotes":""},"class_list":["post-43","page","type-page","status-publish","hentry"],"_links":{"self":[{"href":"https:\/\/udascienza.unich.it\/index.php?rest_route=\/wp\/v2\/pages\/43","targetHints":{"allow":["GET"]}}],"collection":[{"href":"https:\/\/udascienza.unich.it\/index.php?rest_route=\/wp\/v2\/pages"}],"about":[{"href":"https:\/\/udascienza.unich.it\/index.php?rest_route=\/wp\/v2\/types\/page"}],"author":[{"embeddable":true,"href":"https:\/\/udascienza.unich.it\/index.php?rest_route=\/wp\/v2\/users\/1"}],"replies":[{"embeddable":true,"href":"https:\/\/udascienza.unich.it\/index.php?rest_route=%2Fwp%2Fv2%2Fcomments&post=43"}],"version-history":[{"count":14,"href":"https:\/\/udascienza.unich.it\/index.php?rest_route=\/wp\/v2\/pages\/43\/revisions"}],"predecessor-version":[{"id":404,"href":"https:\/\/udascienza.unich.it\/index.php?rest_route=\/wp\/v2\/pages\/43\/revisions\/404"}],"up":[{"embeddable":true,"href":"https:\/\/udascienza.unich.it\/index.php?rest_route=\/wp\/v2\/pages\/13"}],"wp:attachment":[{"href":"https:\/\/udascienza.unich.it\/index.php?rest_route=%2Fwp%2Fv2%2Fmedia&parent=43"}],"curies":[{"name":"wp","href":"https:\/\/api.w.org\/{rel}","templated":true}]}}