{"id":698,"date":"2022-08-24T12:31:05","date_gmt":"2022-08-24T10:31:05","guid":{"rendered":"https:\/\/udascienza.unich.it\/?page_id=698"},"modified":"2022-09-24T22:01:47","modified_gmt":"2022-09-24T20:01:47","slug":"quando-nasce-la-geologia","status":"publish","type":"page","link":"https:\/\/udascienza.unich.it\/?page_id=698","title":{"rendered":"Quando nasce la geologia"},"content":{"rendered":"\n<p>Il termine &#8216;<strong><mark style=\"background-color:rgba(0, 0, 0, 0)\" class=\"has-inline-color has-vivid-red-color\">geologia<\/mark><\/strong>&#8216; viene citato per la prima volta nel \u201c<em>Philobiblon. The Love of Books<\/em>\u201d del vescovo di Durham nel 1334, libro dove descrive il suo amore per lo studio e la lettura. Probabilmente il termine venne coniato da lui stesso combinando le parole greche \u2018geo\u2019 e \u2018logia\u2019 quindi \u2018discorso sulla terra\u2019.<\/p>\n\n\n\n<p>\u00c8 probabile che l\u2019intento del vescovo fosse quello di differenziare le discipline pi\u00f9 pure come la teologia che studia il divino con le &#8216;<strong><mark style=\"background-color:rgba(0, 0, 0, 0)\" class=\"has-inline-color has-vivid-red-color\">scienze terrene<\/mark><\/strong>&#8216; come la giurisprudenza.<\/p>\n\n\n<div class=\"wp-block-image\">\n<figure class=\"aligncenter size-full is-resized\"><img loading=\"lazy\" decoding=\"async\" src=\"https:\/\/udascienza.unich.it\/wp-content\/uploads\/2022\/08\/durham.jpg\" alt=\"\" class=\"wp-image-679\" width=\"620\" height=\"270\" srcset=\"https:\/\/udascienza.unich.it\/wp-content\/uploads\/2022\/08\/durham.jpg 1020w, https:\/\/udascienza.unich.it\/wp-content\/uploads\/2022\/08\/durham-300x131.jpg 300w, https:\/\/udascienza.unich.it\/wp-content\/uploads\/2022\/08\/durham-768x336.jpg 768w\" sizes=\"auto, (max-width: 620px) 100vw, 620px\" \/><figcaption>Prima comparsa del termine \u201cgeologia\u201d nel Philobiblon di Richard de Bury, vescovo di Durham (facsimile del 1889). Il testo recita: \u201c<em>Da qui va da s\u00e9 che, non essendo le leggi n\u00e9 arti n\u00e9 scienze, neppure i libri di diritto si possono propriamente chiamare testi di scienza o di arte. No, questa dottrina non rientra nelle scienze, piuttosto sarebbe pi\u00f9 appropriato chiamarla <strong>geologia<\/strong>. I libri delle Arti liberali, invece, sono cos\u00ec utili alla Sacra Scrittura che senza il loro aiuto il desiderio dell\u2019intelletto a conoscerla sar\u00e0 sempre frustrato<\/em>\u201d (ripreso da <a rel=\"noreferrer noopener\" href=\"http:\/\/www.tecalibri.info\/B\/BURY_philobiblon.htm\" target=\"_blank\">http:\/\/www.tecalibri.info\/B\/BURY_philobiblon.htm<\/a>)<\/figcaption><\/figure>\n<\/div>\n\n\n<p>Passarono quasi tre secoli prima che la geologia prendesse il significato di scienza come la conosciamo oggi.<\/p>\n\n\n\n<p>Nel <strong>1605<\/strong> nel testamento del naturalista bolognese <strong><em>Ulisse Aldrovandi<\/em><\/strong> indicava come titolo da dare ad una parte del materiale da lui lasciato inedito e scritto probabilmente un paio di anni prima: &#8216;<strong><mark style=\"background-color:rgba(0, 0, 0, 0)\" class=\"has-inline-color has-vivid-green-cyan-color\">Giologia ovvero de fossilibus<\/mark><\/strong>&#8216; per indicare la scienza dei fossili e dei minerali, differenziandola cos\u00ec dalla zoologia (studio dei viventi) e dalla botanica (studio dei vegetali).<\/p>\n\n\n<div class=\"wp-block-image\">\n<figure class=\"aligncenter size-large is-resized\"><img loading=\"lazy\" decoding=\"async\" src=\"https:\/\/udascienza.unich.it\/wp-content\/uploads\/2022\/08\/aldrovandi-1-1024x473.jpg\" alt=\"\" class=\"wp-image-659\" width=\"635\" height=\"293\" srcset=\"https:\/\/udascienza.unich.it\/wp-content\/uploads\/2022\/08\/aldrovandi-1-1024x473.jpg 1024w, https:\/\/udascienza.unich.it\/wp-content\/uploads\/2022\/08\/aldrovandi-1-300x139.jpg 300w, https:\/\/udascienza.unich.it\/wp-content\/uploads\/2022\/08\/aldrovandi-1-768x355.jpg 768w, https:\/\/udascienza.unich.it\/wp-content\/uploads\/2022\/08\/aldrovandi-1-1536x710.jpg 1536w, https:\/\/udascienza.unich.it\/wp-content\/uploads\/2022\/08\/aldrovandi-1.jpg 1658w\" sizes=\"auto, (max-width: 635px) 100vw, 635px\" \/><figcaption>Il naturalista bolognese Ulisse Aldrovandi usa il termine \u2018giologia\u2019 per indicare la scienza dei fossili e dei minerali, differenziandola cos\u00ec dalla zoologia e dalla botanica<\/figcaption><\/figure>\n<\/div>\n\n\n<hr class=\"wp-block-separator has-alpha-channel-opacity\"\/>\n\n\n\n<p><strong>Per approfondire :<\/strong><\/p>\n\n\n\n<p>Marco Pantaloni, La storia della geologia ovvero la geologia prima della geologia, <a href=\"https:\/\/youtu.be\/G6FNISYqtJU\" target=\"_blank\" rel=\"noreferrer noopener\">https:\/\/youtu.be\/G6FNISYqtJU<\/a><\/p>\n\n\n\n<p>Francesco Gerali, Riflessioni sul percorso storico delle scienze della terra dall\u2019antichit\u00e0 all\u2019et\u00e0 moderna, 2008<\/p>\n\n\n\n<p>Gianbattista Vai e William Cavazza, <em>Quadricentenario della parola geologia. Ulisse Aldrovandi 1603 Bologna-<\/em> <em>Minerva edizioni, 2004<\/em><\/p>\n","protected":false},"excerpt":{"rendered":"<p>Il termine &#8216;geologia&#8216; viene citato per la prima volta nel \u201cPhilobiblon. The Love of Books\u201d del vescovo di Durham nel &hellip; <\/p>\n","protected":false},"author":8,"featured_media":0,"parent":95,"menu_order":1,"comment_status":"closed","ping_status":"closed","template":"","meta":{"footnotes":""},"class_list":["post-698","page","type-page","status-publish","hentry"],"_links":{"self":[{"href":"https:\/\/udascienza.unich.it\/index.php?rest_route=\/wp\/v2\/pages\/698","targetHints":{"allow":["GET"]}}],"collection":[{"href":"https:\/\/udascienza.unich.it\/index.php?rest_route=\/wp\/v2\/pages"}],"about":[{"href":"https:\/\/udascienza.unich.it\/index.php?rest_route=\/wp\/v2\/types\/page"}],"author":[{"embeddable":true,"href":"https:\/\/udascienza.unich.it\/index.php?rest_route=\/wp\/v2\/users\/8"}],"replies":[{"embeddable":true,"href":"https:\/\/udascienza.unich.it\/index.php?rest_route=%2Fwp%2Fv2%2Fcomments&post=698"}],"version-history":[{"count":7,"href":"https:\/\/udascienza.unich.it\/index.php?rest_route=\/wp\/v2\/pages\/698\/revisions"}],"predecessor-version":[{"id":737,"href":"https:\/\/udascienza.unich.it\/index.php?rest_route=\/wp\/v2\/pages\/698\/revisions\/737"}],"up":[{"embeddable":true,"href":"https:\/\/udascienza.unich.it\/index.php?rest_route=\/wp\/v2\/pages\/95"}],"wp:attachment":[{"href":"https:\/\/udascienza.unich.it\/index.php?rest_route=%2Fwp%2Fv2%2Fmedia&parent=698"}],"curies":[{"name":"wp","href":"https:\/\/api.w.org\/{rel}","templated":true}]}}